{"id":37102,"date":"2024-07-19T07:30:20","date_gmt":"2024-07-19T07:30:20","guid":{"rendered":"https:\/\/tlbrownlaw.com\/?page_id=37102"},"modified":"2024-11-19T23:04:18","modified_gmt":"2024-11-19T23:04:18","slug":"testimonios","status":"publish","type":"page","link":"https:\/\/tlbrownlaw.com\/es\/testimonios\/","title":{"rendered":"Testimonios"},"content":{"rendered":"\t\t<div data-elementor-type=\"wp-page\" data-elementor-id=\"37102\" class=\"elementor elementor-37102 elementor-36246\">\n\t\t\t\t\t\t<section class=\"elementor-section elementor-top-section elementor-element elementor-element-cb31117 elementor-section-content-middle elementor-section-stretched cus-float-img elementor-section-boxed elementor-section-height-default elementor-section-height-default\" data-id=\"cb31117\" data-element_type=\"section\" data-settings=\"{&quot;stretch_section&quot;:&quot;section-stretched&quot;,&quot;background_background&quot;:&quot;classic&quot;}\">\n\t\t\t\t\t\t\t<div class=\"elementor-background-overlay\"><\/div>\n\t\t\t\t\t\t\t<div class=\"elementor-container elementor-column-gap-extended\">\n\t\t\t\t\t<div class=\"elementor-column elementor-col-100 elementor-top-column elementor-element elementor-element-1a266e3e\" data-id=\"1a266e3e\" data-element_type=\"column\">\n\t\t\t<div class=\"elementor-widget-wrap elementor-element-populated\">\n\t\t\t\t\t\t<section class=\"elementor-section elementor-inner-section elementor-element elementor-element-23af81fa elementor-section-boxed elementor-section-height-default elementor-section-height-default\" data-id=\"23af81fa\" data-element_type=\"section\">\n\t\t\t\t\t\t<div class=\"elementor-container elementor-column-gap-default\">\n\t\t\t\t\t<div class=\"elementor-column elementor-col-100 elementor-inner-column elementor-element elementor-element-464b7c80\" data-id=\"464b7c80\" data-element_type=\"column\">\n\t\t\t<div class=\"elementor-widget-wrap elementor-element-populated\">\n\t\t\t\t\t\t<div class=\"elementor-element elementor-element-6e0f621d cus-testimonial-page elementor-invisible elementor-widget elementor-widget-ceatestimonial\" data-id=\"6e0f621d\" data-element_type=\"widget\" data-settings=\"{&quot;_animation&quot;:&quot;fadeInUp&quot;}\" data-widget_type=\"ceatestimonial.default\">\n\t\t\t\t\n\t\t<div class=\"elementor-widget-container testimonial-wrapper testimonial-style-list testimonial-light testimonial-normal-model image-gallery\">\n\t\t\n\t\t\t<div class=\"row\"><div class=\"col-lg-6 col-md-6\" ><div class=\"testimonial-inner\"><div class=\"media\"><div class=\"media-body\"><div class=\"post-excerpt\">\u201cBest decision I made towards becoming USA Citizen. Everyone was very helpful. A million thanks to all of you. You won my battle for me. You were there every step..<\/div><!-- .post-excerpt --><h4 class=\"post-title-head\"><a href=\"https:\/\/tlbrownlaw.com\/es\/testimonial\/john-m\/\" class=\"client-name post-title\">John M.<\/a><\/h4><div class=\"top-meta clearfix\"><ul class=\"nav top-meta-list meta-left\"><li><\/li><li><\/li><\/ul><\/div><\/div><!-- .media --><\/div><!-- .media-body --><\/div><!-- .testimonial-inner --><\/div><!-- .col \/ .owl-carousel-item \/ .isotope --><div class=\"col-lg-6 col-md-6\" ><div class=\"testimonial-inner\"><div class=\"media\"><div class=\"media-body\"><div class=\"post-excerpt\">\u201cMe ayudaron a salir de deudas, se los recomiendo. Attorney Brown helped me with my bankruptcy. It was not expensive. I was making payments that I can afford. Also, the..<\/div><!-- .post-excerpt --><h4 class=\"post-title-head\"><a href=\"https:\/\/tlbrownlaw.com\/es\/testimonial\/juan-b\/\" class=\"client-name post-title\">Juan B.<\/a><\/h4><div class=\"top-meta clearfix\"><ul class=\"nav top-meta-list meta-left\"><li><\/li><li><\/li><\/ul><\/div><\/div><!-- .media --><\/div><!-- .media-body --><\/div><!-- .testimonial-inner --><\/div><!-- .col \/ .owl-carousel-item \/ .isotope --><\/div><!-- .row --><div class=\"row\"><div class=\"col-lg-6 col-md-6\" ><div class=\"testimonial-inner\"><div class=\"media\"><div class=\"media-body\"><div class=\"post-excerpt\">\u201cI am very thankful for T.L. Brown.\u00a0 They helped me with my deportation proceedings and didn\u2019t charge me as much as the other attorneys. They gave me very good treatment.\u201d<\/div><!-- .post-excerpt --><h4 class=\"post-title-head\"><a href=\"https:\/\/tlbrownlaw.com\/es\/testimonial\/maria-o\/\" class=\"client-name post-title\">Maria O.<\/a><\/h4><div class=\"top-meta clearfix\"><ul class=\"nav top-meta-list meta-left\"><li><\/li><li><\/li><\/ul><\/div><\/div><!-- .media --><\/div><!-- .media-body --><\/div><!-- .testimonial-inner --><\/div><!-- .col \/ .owl-carousel-item \/ .isotope --><div class=\"col-lg-6 col-md-6\" ><div class=\"testimonial-inner\"><div class=\"media\"><div class=\"media-body\"><div class=\"post-excerpt\">\u201cAgradezco el excelente servicio que he recibido para pagar mis tarjetas de cr\u00e9dito, me han asesorado en todo los tr\u00e1mites y situaciones legales para resolver mi consolidaci\u00f3n de deudas.\u201d<\/div><!-- .post-excerpt --><h4 class=\"post-title-head\"><a href=\"https:\/\/tlbrownlaw.com\/es\/testimonial\/perla-r\/\" class=\"client-name post-title\">Perla R.<\/a><\/h4><div class=\"top-meta clearfix\"><ul class=\"nav top-meta-list meta-left\"><li><\/li><li><\/li><\/ul><\/div><\/div><!-- .media --><\/div><!-- .media-body --><\/div><!-- .testimonial-inner --><\/div><!-- .col \/ .owl-carousel-item \/ .isotope --><\/div><!-- .row -->\t\t\t\n\t\t<\/div>\n\t\t\t\t<\/div>\n\t\t\t\t\t<\/div>\n\t\t<\/div>\n\t\t\t\t\t<\/div>\n\t\t<\/section>\n\t\t\t\t\t<\/div>\n\t\t<\/div>\n\t\t\t\t\t<\/div>\n\t\t<\/section>\n\t\t\t\t<\/div>\n\t\t","protected":false},"excerpt":{"rendered":"<p>\u201cBest decision I made towards becoming USA Citizen. Everyone was very helpful. A million thanks to all of you. You won my battle for me. You were there every step&#8230;.<\/p>\n","protected":false},"author":2,"featured_media":37096,"parent":0,"menu_order":0,"comment_status":"closed","ping_status":"closed","template":"","meta":{"footnotes":""},"class_list":["post-37102","page","type-page","status-publish","has-post-thumbnail","hentry"],"featured_image_src":"https:\/\/tlbrownlaw.com\/wp-content\/uploads\/2024\/11\/image0-7-600x400.jpeg","featured_image_src_square":"https:\/\/tlbrownlaw.com\/wp-content\/uploads\/2024\/11\/image0-7-600x600.jpeg","_links":{"self":[{"href":"https:\/\/tlbrownlaw.com\/es\/wp-json\/wp\/v2\/pages\/37102","targetHints":{"allow":["GET"]}}],"collection":[{"href":"https:\/\/tlbrownlaw.com\/es\/wp-json\/wp\/v2\/pages"}],"about":[{"href":"https:\/\/tlbrownlaw.com\/es\/wp-json\/wp\/v2\/types\/page"}],"author":[{"embeddable":true,"href":"https:\/\/tlbrownlaw.com\/es\/wp-json\/wp\/v2\/users\/2"}],"replies":[{"embeddable":true,"href":"https:\/\/tlbrownlaw.com\/es\/wp-json\/wp\/v2\/comments?post=37102"}],"version-history":[{"count":0,"href":"https:\/\/tlbrownlaw.com\/es\/wp-json\/wp\/v2\/pages\/37102\/revisions"}],"wp:featuredmedia":[{"embeddable":true,"href":"https:\/\/tlbrownlaw.com\/es\/wp-json\/wp\/v2\/media\/37096"}],"wp:attachment":[{"href":"https:\/\/tlbrownlaw.com\/es\/wp-json\/wp\/v2\/media?parent=37102"}],"curies":[{"name":"wp","href":"https:\/\/api.w.org\/{rel}","templated":true}]}}